{"id":243880,"date":"2022-03-09T18:25:32","date_gmt":"2022-03-09T17:25:32","guid":{"rendered":"https:\/\/www.lefloris.com\/galerie-la-pinte\/"},"modified":"2024-07-23T00:42:46","modified_gmt":"2024-07-22T23:42:46","slug":"galerie-la-pinte","status":"publish","type":"page","link":"https:\/\/www.lefloris.com\/en\/galerie-la-pinte\/","title":{"rendered":"Galerie La Pinte"},"content":{"rendered":"<p>[et_pb_section fb_built=&#8221;1&#8243; _builder_version=&#8221;4.16&#8243; _module_preset=&#8221;default&#8221; background_enable_color=&#8221;off&#8221; locked=&#8221;off&#8221; global_colors_info=&#8221;{}&#8221;][et_pb_row _builder_version=&#8221;4.16&#8243; _module_preset=&#8221;default&#8221; global_colors_info=&#8221;{}&#8221;][et_pb_column type=&#8221;4_4&#8243; _builder_version=&#8221;4.16&#8243; _module_preset=&#8221;default&#8221; global_colors_info=&#8221;{}&#8221;][et_pb_text _builder_version=&#8221;4.16&#8243; _module_preset=&#8221;default&#8221; header_text_color=&#8221;#FFFFFF&#8221; header_2_font=&#8221;|600||on|||||&#8221; header_2_text_align=&#8221;center&#8221; header_2_text_color=&#8221;#7C564A&#8221; header_2_font_size=&#8221;70px&#8221; header_2_letter_spacing=&#8221;3px&#8221; custom_margin=&#8221;||2%||false|false&#8221; header_2_font_size_tablet=&#8221;60px&#8221; header_2_font_size_phone=&#8221;40px&#8221; header_2_font_size_last_edited=&#8221;on|tablet&#8221; global_colors_info=&#8221;{}&#8221;]<\/p>\n<h2>Nos photos<\/h2>\n<p>[\/et_pb_text][\/et_pb_column][\/et_pb_row][et_pb_row use_custom_gutter=&#8221;on&#8221; gutter_width=&#8221;1&#8243; _builder_version=&#8221;4.16&#8243; _module_preset=&#8221;default&#8221; global_colors_info=&#8221;{}&#8221;][et_pb_column type=&#8221;4_4&#8243; _builder_version=&#8221;4.16&#8243; _module_preset=&#8221;default&#8221; custom_css_main_element=&#8221;display:grid;||grid-template-columns: 33% 33% 33%;||grid-auto-rows: auto;&#8221; global_colors_info=&#8221;{}&#8221; custom_css_main_element_last_edited=&#8221;on|tablet&#8221; custom_css_main_element_tablet=&#8221;display:grid;||grid-template-columns: 50% 50%;||grid-auto-rows: auto;&#8221; custom_css_main_element_phone=&#8221;display:grid;||grid-template-columns: 50% 50%;||grid-auto-rows: auto;&#8221;][et_pb_image src=&#8221;https:\/\/www.lefloris.com\/wp-content\/uploads\/2022\/03\/LaPinteGalerie4.png&#8221; title_text=&#8221;LaPinteGalerie4&#8243; force_fullwidth=&#8221;on&#8221; module_class=&#8221;et-zoom-in&#8221; _builder_version=&#8221;4.16&#8243; _module_preset=&#8221;default&#8221; min_height_tablet=&#8221;&#8221; min_height_phone=&#8221;&#8221; min_height_last_edited=&#8221;on|tablet&#8221; height_tablet=&#8221;&#8221; height_phone=&#8221;&#8221; height_last_edited=&#8221;on|phone&#8221; custom_padding=&#8221;10px|10px|10px|10px|true|true&#8221; custom_css_main_element=&#8221;grid-column:3\/4;||grid-row:1\/3;&#8221; box_shadow_style=&#8221;preset6&#8243; global_colors_info=&#8221;{}&#8221; custom_css_main_element_last_edited=&#8221;on|tablet&#8221; custom_css_main_element_tablet=&#8221;grid-column:2\/3;||grid-row:2\/4;&#8221; custom_css_main_element_phone=&#8221;grid-column:2\/3;||grid-row:2\/4;&#8221;][\/et_pb_image][et_pb_image src=&#8221;https:\/\/www.lefloris.com\/wp-content\/uploads\/2022\/03\/LaPinteGalerie5.png&#8221; title_text=&#8221;LaPinteGalerie5&#8243; force_fullwidth=&#8221;on&#8221; module_class=&#8221;et-zoom-in&#8221; _builder_version=&#8221;4.16&#8243; _module_preset=&#8221;default&#8221; custom_padding=&#8221;10px|10px|10px|10px|true|true&#8221; custom_css_main_element=&#8221;grid-column:1\/2;||grid-row:2\/4;&#8221; box_shadow_style=&#8221;preset6&#8243; global_colors_info=&#8221;{}&#8221;][\/et_pb_image][et_pb_image src=&#8221;https:\/\/www.lefloris.com\/wp-content\/uploads\/2022\/03\/restaurant-la-pinte-geneve.png&#8221; title_text=&#8221;LaPinteGalerie4&#8243; force_fullwidth=&#8221;on&#8221; module_class=&#8221;et-zoom-in&#8221; _builder_version=&#8221;4.16&#8243; _module_preset=&#8221;default&#8221; custom_padding=&#8221;10px|10px|10px|10px|true|true&#8221; custom_css_main_element=&#8221;grid-column:1\/3;||grid-row:1\/2;&#8221; box_shadow_style=&#8221;preset6&#8243; locked=&#8221;off&#8221; global_colors_info=&#8221;{}&#8221; custom_css_main_element_last_edited=&#8221;on|tablet&#8221; custom_css_main_element_tablet=&#8221;grid-column: 1\/3;||grid-row: 1\/2;&#8221; custom_css_main_element_phone=&#8221;grid-column: 1\/3;||grid-row: 1\/2;&#8221;][\/et_pb_image][et_pb_image src=&#8221;https:\/\/www.lefloris.com\/wp-content\/uploads\/2022\/03\/LapinteGalerie1.png&#8221; title_text=&#8221;LapinteGalerie1&#8243; force_fullwidth=&#8221;on&#8221; module_class=&#8221;et-zoom-in&#8221; _builder_version=&#8221;4.16&#8243; _module_preset=&#8221;default&#8221; height_tablet=&#8221;&#8221; height_phone=&#8221;&#8221; height_last_edited=&#8221;on|phone&#8221; custom_padding=&#8221;10px|10px|10px|10px|true|true&#8221; custom_css_main_element=&#8221;grid-column:2\/4;||grid-row:3\/4;&#8221; box_shadow_style=&#8221;preset6&#8243; locked=&#8221;off&#8221; global_colors_info=&#8221;{}&#8221; custom_css_main_element_last_edited=&#8221;on|desktop&#8221; custom_css_main_element_tablet=&#8221;grid-column:1\/3;||grid-row:5\/6;&#8221; custom_css_main_element_phone=&#8221;grid-column:1\/3;||grid-row:5\/6;&#8221;][\/et_pb_image][et_pb_image src=&#8221;https:\/\/www.lefloris.com\/wp-content\/uploads\/2022\/03\/LaPinteGalerie10.png&#8221; title_text=&#8221;LaPinteGalerie10&#8243; force_fullwidth=&#8221;on&#8221; module_class=&#8221;et-zoom-in&#8221; _builder_version=&#8221;4.16&#8243; _module_preset=&#8221;default&#8221; height=&#8221;228px&#8221; height_tablet=&#8221;228px&#8221; height_phone=&#8221;228px&#8221; height_last_edited=&#8221;on|phone&#8221; custom_padding=&#8221;10px|10px|10px|10px|true|true&#8221; custom_css_main_element=&#8221;grid-column:2\/3;||grid-row:2\/3;&#8221; box_shadow_style=&#8221;preset6&#8243; locked=&#8221;off&#8221; global_colors_info=&#8221;{}&#8221; custom_css_main_element_last_edited=&#8221;on|phone&#8221; custom_css_main_element_tablet=&#8221;grid-column:1\/3;||grid-row:6\/7;&#8221; custom_css_main_element_phone=&#8221;grid-column:1\/3;||grid-row:6\/7;&#8221;][\/et_pb_image][et_pb_image src=&#8221;https:\/\/www.lefloris.com\/wp-content\/uploads\/2022\/03\/Plats_LEFLORIS_by_JEH-oct2021-04139-min.jpg&#8221; title_text=&#8221;Plats_LEFLORIS_by_JEH-oct2021-04139-min&#8221; force_fullwidth=&#8221;on&#8221; module_class=&#8221;et-zoom-in&#8221; _builder_version=&#8221;4.16&#8243; _module_preset=&#8221;default&#8221; height_tablet=&#8221;&#8221; height_phone=&#8221;&#8221; height_last_edited=&#8221;on|phone&#8221; custom_padding=&#8221;10px|10px|10px|10px|true|true&#8221; custom_css_main_element=&#8221;grid-column:1\/2;||grid-row:5\/6;&#8221; box_shadow_style=&#8221;preset6&#8243; global_colors_info=&#8221;{}&#8221; custom_css_main_element_last_edited=&#8221;on|phone&#8221; custom_css_main_element_tablet=&#8221;grid-column:1\/2;||grid-row: 8\/9;&#8221; custom_css_main_element_phone=&#8221;grid-column:1\/2;||grid-row: 8\/9;&#8221;][\/et_pb_image][et_pb_image src=&#8221;https:\/\/www.lefloris.com\/wp-content\/uploads\/2022\/03\/le-floris-cuisine-gastronomique.jpg&#8221; title_text=&#8221;Plats_LEFLORIS_by_JEH-oct2021-04153-min&#8221; force_fullwidth=&#8221;on&#8221; module_class=&#8221;et-zoom-in&#8221; _builder_version=&#8221;4.16&#8243; _module_preset=&#8221;default&#8221; height_tablet=&#8221;&#8221; height_phone=&#8221;&#8221; height_last_edited=&#8221;on|phone&#8221; custom_padding=&#8221;10px|10px|10px|10px|true|true&#8221; custom_css_main_element=&#8221;grid-column:1\/3;||grid-row:6\/7;&#8221; box_shadow_style=&#8221;preset6&#8243; global_colors_info=&#8221;{}&#8221; custom_css_main_element_last_edited=&#8221;on|phone&#8221; custom_css_main_element_tablet=&#8221;grid-column:2\/3;||grid-row:9\/10;&#8221; custom_css_main_element_phone=&#8221;grid-column:2\/3;||grid-row:9\/10;&#8221;][\/et_pb_image][et_pb_image src=&#8221;https:\/\/www.lefloris.com\/wp-content\/uploads\/2022\/03\/le-floris-dessert-2.jpg&#8221; title_text=&#8221;Plats_LEFLORIS_by_JEH-oct2021-04523-min-min&#8221; force_fullwidth=&#8221;on&#8221; module_class=&#8221;et-zoom-in&#8221; _builder_version=&#8221;4.16&#8243; _module_preset=&#8221;default&#8221; height=&#8221;33em&#8221; height_tablet=&#8221;&#8221; height_phone=&#8221;&#8221; height_last_edited=&#8221;on|phone&#8221; custom_margin=&#8221;||||false|false&#8221; custom_padding=&#8221;10px|10px|10px|10px|true|true&#8221; custom_css_main_element=&#8221;grid-column:3\/4;||grid-row:6\/7;&#8221; box_shadow_style=&#8221;preset6&#8243; global_colors_info=&#8221;{}&#8221; custom_css_main_element_last_edited=&#8221;on|phone&#8221; custom_css_main_element_tablet=&#8221;grid-column:1\/3;||grid-row:10\/11;&#8221; custom_css_main_element_phone=&#8221;grid-column:1\/3;||grid-row:10\/11;&#8221;][\/et_pb_image][et_pb_image src=&#8221;https:\/\/www.lefloris.com\/wp-content\/uploads\/2022\/03\/LaPinteGalerie3.png&#8221; title_text=&#8221;LaPinteGalerie3&#8243; force_fullwidth=&#8221;on&#8221; module_class=&#8221;et-zoom-in&#8221; _builder_version=&#8221;4.16&#8243; _module_preset=&#8221;default&#8221; height_tablet=&#8221;&#8221; height_phone=&#8221;&#8221; height_last_edited=&#8221;on|phone&#8221; custom_padding=&#8221;10px|10px|10px|10px|true|true&#8221; custom_css_main_element=&#8221;grid-column:1\/4;||grid-row:4\/5;&#8221; box_shadow_style=&#8221;preset6&#8243; global_colors_info=&#8221;{}&#8221; custom_css_main_element_last_edited=&#8221;on|phone&#8221; custom_css_main_element_tablet=&#8221;grid-column:1\/3;||grid-row:7\/8;&#8221; custom_css_main_element_phone=&#8221;grid-column:1\/3;||grid-row:7\/8;&#8221;][\/et_pb_image][et_pb_image src=&#8221;https:\/\/www.lefloris.com\/wp-content\/uploads\/2022\/03\/le-floris-dessert-gastronomique.jpg&#8221; title_text=&#8221;Plats_LEFLORIS_by_JEH-oct2021-04462-min&#8221; force_fullwidth=&#8221;on&#8221; module_class=&#8221;et-zoom-in&#8221; _builder_version=&#8221;4.16&#8243; _module_preset=&#8221;default&#8221; height_tablet=&#8221;&#8221; height_phone=&#8221;&#8221; height_last_edited=&#8221;on|phone&#8221; custom_padding=&#8221;10px|10px|10px|10px|true|true&#8221; custom_css_main_element=&#8221;grid-column:2\/3;||grid-row:5\/6;&#8221; box_shadow_style=&#8221;preset6&#8243; global_colors_info=&#8221;{}&#8221; custom_css_main_element_last_edited=&#8221;on|tablet&#8221; custom_css_main_element_tablet=&#8221;grid-column:2\/3;||grid-row:8\/9;&#8221; custom_css_main_element_phone=&#8221;grid-column:2\/3;||grid-row:8\/9;&#8221;][\/et_pb_image][et_pb_image src=&#8221;https:\/\/www.lefloris.com\/wp-content\/uploads\/2022\/03\/Plats_LEFLORIS_by_JEH-oct2021-04261-min.jpg&#8221; title_text=&#8221;Plats_LEFLORIS_by_JEH-oct2021-04261-min&#8221; force_fullwidth=&#8221;on&#8221; module_class=&#8221;et-zoom-in&#8221; _builder_version=&#8221;4.16&#8243; _module_preset=&#8221;default&#8221; height_tablet=&#8221;&#8221; height_phone=&#8221;&#8221; height_last_edited=&#8221;on|phone&#8221; custom_padding=&#8221;10px|10px|10px|10px|true|true&#8221; custom_css_main_element=&#8221;grid-column:3\/4;||grid-row:5\/6;&#8221; box_shadow_style=&#8221;preset6&#8243; global_colors_info=&#8221;{}&#8221; custom_css_main_element_last_edited=&#8221;on|phone&#8221; custom_css_main_element_tablet=&#8221;grid-column:1\/2;||grid-row:9\/10;&#8221; custom_css_main_element_phone=&#8221;grid-column:1\/2;||grid-row:9\/10;&#8221;][\/et_pb_image][\/et_pb_column][\/et_pb_row][et_pb_row column_structure=&#8221;1_2,1_2&#8243; _builder_version=&#8221;4.16&#8243; _module_preset=&#8221;default&#8221; locked=&#8221;off&#8221; global_colors_info=&#8221;{}&#8221;][et_pb_column type=&#8221;1_2&#8243; _builder_version=&#8221;4.16&#8243; _module_preset=&#8221;default&#8221; global_colors_info=&#8221;{}&#8221;][et_pb_button button_url=&#8221;@ET-DC@eyJkeW5hbWljIjp0cnVlLCJjb250ZW50IjoicG9zdF9saW5rX3VybF9wYWdlIiwic2V0dGluZ3MiOnsicG9zdF9pZCI6IjI0MDQxNCJ9fQ==@&#8221; button_text=&#8221;Reserve&#8221; button_alignment=&#8221;right&#8221; button_alignment_tablet=&#8221;center&#8221; button_alignment_phone=&#8221;center&#8221; button_alignment_last_edited=&#8221;on|phone&#8221; _builder_version=&#8221;4.16&#8243; _dynamic_attributes=&#8221;button_url&#8221; _module_preset=&#8221;default&#8221; custom_button=&#8221;on&#8221; button_text_size=&#8221;20px&#8221; button_text_color=&#8221;#FFFFFF&#8221; button_bg_color=&#8221;#7C564A&#8221; button_border_color=&#8221;#936249&#8243; button_letter_spacing=&#8221;1px&#8221; button_font=&#8221;||||||||&#8221; button_icon_color=&#8221;#FFFFFF&#8221; custom_padding=&#8221;|2em||2em|false|true&#8221; box_shadow_style=&#8221;preset1&#8243; box_shadow_blur=&#8221;5px&#8221; global_colors_info=&#8221;{}&#8221; button_letter_spacing__hover_enabled=&#8221;on|hover&#8221; button_letter_spacing__hover=&#8221;3px&#8221;][\/et_pb_button][\/et_pb_column][et_pb_column type=&#8221;1_2&#8243; _builder_version=&#8221;4.16&#8243; _module_preset=&#8221;default&#8221; global_colors_info=&#8221;{}&#8221;][et_pb_button button_url=&#8221;@ET-DC@eyJkeW5hbWljIjp0cnVlLCJjb250ZW50IjoicG9zdF9saW5rX3VybF9wYWdlIiwic2V0dGluZ3MiOnsicG9zdF9pZCI6IjIzOTc0OSJ9fQ==@&#8221; button_text=&#8221;La Carte&#8221; button_alignment=&#8221;left&#8221; button_alignment_tablet=&#8221;center&#8221; button_alignment_phone=&#8221;center&#8221; button_alignment_last_edited=&#8221;on|phone&#8221; _builder_version=&#8221;4.16&#8243; _dynamic_attributes=&#8221;button_url&#8221; _module_preset=&#8221;default&#8221; custom_button=&#8221;on&#8221; button_text_size=&#8221;20px&#8221; button_text_color=&#8221;#FFFFFF&#8221; button_bg_color=&#8221;#7C564A&#8221; button_border_color=&#8221;#936249&#8243; button_letter_spacing=&#8221;1px&#8221; button_font=&#8221;||||||||&#8221; button_icon_color=&#8221;#FFFFFF&#8221; custom_padding=&#8221;|2.2em||2.2em|false|true&#8221; box_shadow_style=&#8221;preset1&#8243; box_shadow_blur=&#8221;5px&#8221; global_colors_info=&#8221;{}&#8221; button_letter_spacing__hover_enabled=&#8221;on|hover&#8221; button_letter_spacing__hover=&#8221;3px&#8221;][\/et_pb_button][\/et_pb_column][\/et_pb_row][\/et_pb_section]<\/p>\n","protected":false},"excerpt":{"rendered":"<p>Nos photos<\/p>\n","protected":false},"author":3,"featured_media":0,"parent":0,"menu_order":0,"comment_status":"closed","ping_status":"closed","template":"","meta":{"_et_pb_use_builder":"on","_et_pb_old_content":"","_et_gb_content_width":"","footnotes":""},"class_list":["post-243880","page","type-page","status-publish","hentry"],"yoast_head":"<!-- This site is optimized with the Yoast SEO plugin v27.5 - https:\/\/yoast.com\/product\/yoast-seo-wordpress\/ -->\n<title>La Pinte - Galerie de photos du restaurant - Proche de Gen\u00e8ve<\/title>\n<meta name=\"description\" content=\"Quelques photos de la Pinte, pr\u00e8s de Gen\u00e8ve. Entre restaurant et bar, venez d\u00e9couvrir une v\u00e9ritable ambiance de chalet suisse. Cuisine locale.\" \/>\n<meta name=\"robots\" content=\"index, follow, max-snippet:-1, max-image-preview:large, max-video-preview:-1\" \/>\n<link rel=\"canonical\" href=\"https:\/\/www.lefloris.com\/en\/galerie-la-pinte\/\" \/>\n<meta property=\"og:locale\" content=\"en_US\" \/>\n<meta property=\"og:type\" content=\"article\" \/>\n<meta property=\"og:title\" content=\"La Pinte - Galerie de photos du restaurant - Proche de Gen\u00e8ve\" \/>\n<meta property=\"og:description\" content=\"Quelques photos de la Pinte, pr\u00e8s de Gen\u00e8ve. Entre restaurant et bar, venez d\u00e9couvrir une v\u00e9ritable ambiance de chalet suisse. Cuisine locale.\" \/>\n<meta property=\"og:url\" content=\"https:\/\/www.lefloris.com\/en\/galerie-la-pinte\/\" \/>\n<meta property=\"og:site_name\" content=\"Le Floris\" \/>\n<meta property=\"article:modified_time\" content=\"2024-07-22T23:42:46+00:00\" \/>\n<meta name=\"twitter:card\" content=\"summary_large_image\" \/>\n<meta name=\"twitter:label1\" content=\"Est. reading time\" \/>\n\t<meta name=\"twitter:data1\" content=\"7 minutes\" \/>\n<script type=\"application\/ld+json\" class=\"yoast-schema-graph\">{\"@context\":\"https:\\\/\\\/schema.org\",\"@graph\":[{\"@type\":\"WebPage\",\"@id\":\"https:\\\/\\\/www.lefloris.com\\\/en\\\/galerie-la-pinte\\\/\",\"url\":\"https:\\\/\\\/www.lefloris.com\\\/en\\\/galerie-la-pinte\\\/\",\"name\":\"La Pinte - Galerie de photos du restaurant - Proche de Gen\u00e8ve\",\"isPartOf\":{\"@id\":\"https:\\\/\\\/www.lefloris.com\\\/en\\\/#website\"},\"datePublished\":\"2022-03-09T17:25:32+00:00\",\"dateModified\":\"2024-07-22T23:42:46+00:00\",\"description\":\"Quelques photos de la Pinte, pr\u00e8s de Gen\u00e8ve. Entre restaurant et bar, venez d\u00e9couvrir une v\u00e9ritable ambiance de chalet suisse. Cuisine locale.\",\"breadcrumb\":{\"@id\":\"https:\\\/\\\/www.lefloris.com\\\/en\\\/galerie-la-pinte\\\/#breadcrumb\"},\"inLanguage\":\"en-US\",\"potentialAction\":[{\"@type\":\"ReadAction\",\"target\":[\"https:\\\/\\\/www.lefloris.com\\\/en\\\/galerie-la-pinte\\\/\"]}]},{\"@type\":\"BreadcrumbList\",\"@id\":\"https:\\\/\\\/www.lefloris.com\\\/en\\\/galerie-la-pinte\\\/#breadcrumb\",\"itemListElement\":[{\"@type\":\"ListItem\",\"position\":1,\"name\":\"Accueil\",\"item\":\"https:\\\/\\\/www.lefloris.com\\\/en\\\/accueil\\\/\"},{\"@type\":\"ListItem\",\"position\":2,\"name\":\"Galerie La Pinte\"}]},{\"@type\":\"WebSite\",\"@id\":\"https:\\\/\\\/www.lefloris.com\\\/en\\\/#website\",\"url\":\"https:\\\/\\\/www.lefloris.com\\\/en\\\/\",\"name\":\"Le Floris\",\"description\":\"- Restaurant\",\"publisher\":{\"@id\":\"https:\\\/\\\/www.lefloris.com\\\/en\\\/#organization\"},\"potentialAction\":[{\"@type\":\"SearchAction\",\"target\":{\"@type\":\"EntryPoint\",\"urlTemplate\":\"https:\\\/\\\/www.lefloris.com\\\/en\\\/?s={search_term_string}\"},\"query-input\":{\"@type\":\"PropertyValueSpecification\",\"valueRequired\":true,\"valueName\":\"search_term_string\"}}],\"inLanguage\":\"en-US\"},{\"@type\":\"Organization\",\"@id\":\"https:\\\/\\\/www.lefloris.com\\\/en\\\/#organization\",\"name\":\"Le Floris\",\"url\":\"https:\\\/\\\/www.lefloris.com\\\/en\\\/\",\"logo\":{\"@type\":\"ImageObject\",\"inLanguage\":\"en-US\",\"@id\":\"https:\\\/\\\/www.lefloris.com\\\/en\\\/#\\\/schema\\\/logo\\\/image\\\/\",\"url\":\"https:\\\/\\\/www.lefloris.com\\\/wp-content\\\/uploads\\\/2022\\\/03\\\/logo-le-floris-1-final.png\",\"contentUrl\":\"https:\\\/\\\/www.lefloris.com\\\/wp-content\\\/uploads\\\/2022\\\/03\\\/logo-le-floris-1-final.png\",\"width\":1632,\"height\":562,\"caption\":\"Le Floris\"},\"image\":{\"@id\":\"https:\\\/\\\/www.lefloris.com\\\/en\\\/#\\\/schema\\\/logo\\\/image\\\/\"}}]}<\/script>\n<!-- \/ Yoast SEO plugin. -->","yoast_head_json":{"title":"La Pinte - Galerie de photos du restaurant - Proche de Gen\u00e8ve","description":"Quelques photos de la Pinte, pr\u00e8s de Gen\u00e8ve. Entre restaurant et bar, venez d\u00e9couvrir une v\u00e9ritable ambiance de chalet suisse. Cuisine locale.","robots":{"index":"index","follow":"follow","max-snippet":"max-snippet:-1","max-image-preview":"max-image-preview:large","max-video-preview":"max-video-preview:-1"},"canonical":"https:\/\/www.lefloris.com\/en\/galerie-la-pinte\/","og_locale":"en_US","og_type":"article","og_title":"La Pinte - Galerie de photos du restaurant - Proche de Gen\u00e8ve","og_description":"Quelques photos de la Pinte, pr\u00e8s de Gen\u00e8ve. Entre restaurant et bar, venez d\u00e9couvrir une v\u00e9ritable ambiance de chalet suisse. Cuisine locale.","og_url":"https:\/\/www.lefloris.com\/en\/galerie-la-pinte\/","og_site_name":"Le Floris","article_modified_time":"2024-07-22T23:42:46+00:00","twitter_card":"summary_large_image","twitter_misc":{"Est. reading time":"7 minutes"},"schema":{"@context":"https:\/\/schema.org","@graph":[{"@type":"WebPage","@id":"https:\/\/www.lefloris.com\/en\/galerie-la-pinte\/","url":"https:\/\/www.lefloris.com\/en\/galerie-la-pinte\/","name":"La Pinte - Galerie de photos du restaurant - Proche de Gen\u00e8ve","isPartOf":{"@id":"https:\/\/www.lefloris.com\/en\/#website"},"datePublished":"2022-03-09T17:25:32+00:00","dateModified":"2024-07-22T23:42:46+00:00","description":"Quelques photos de la Pinte, pr\u00e8s de Gen\u00e8ve. Entre restaurant et bar, venez d\u00e9couvrir une v\u00e9ritable ambiance de chalet suisse. Cuisine locale.","breadcrumb":{"@id":"https:\/\/www.lefloris.com\/en\/galerie-la-pinte\/#breadcrumb"},"inLanguage":"en-US","potentialAction":[{"@type":"ReadAction","target":["https:\/\/www.lefloris.com\/en\/galerie-la-pinte\/"]}]},{"@type":"BreadcrumbList","@id":"https:\/\/www.lefloris.com\/en\/galerie-la-pinte\/#breadcrumb","itemListElement":[{"@type":"ListItem","position":1,"name":"Accueil","item":"https:\/\/www.lefloris.com\/en\/accueil\/"},{"@type":"ListItem","position":2,"name":"Galerie La Pinte"}]},{"@type":"WebSite","@id":"https:\/\/www.lefloris.com\/en\/#website","url":"https:\/\/www.lefloris.com\/en\/","name":"Le Floris","description":"- Restaurant","publisher":{"@id":"https:\/\/www.lefloris.com\/en\/#organization"},"potentialAction":[{"@type":"SearchAction","target":{"@type":"EntryPoint","urlTemplate":"https:\/\/www.lefloris.com\/en\/?s={search_term_string}"},"query-input":{"@type":"PropertyValueSpecification","valueRequired":true,"valueName":"search_term_string"}}],"inLanguage":"en-US"},{"@type":"Organization","@id":"https:\/\/www.lefloris.com\/en\/#organization","name":"Le Floris","url":"https:\/\/www.lefloris.com\/en\/","logo":{"@type":"ImageObject","inLanguage":"en-US","@id":"https:\/\/www.lefloris.com\/en\/#\/schema\/logo\/image\/","url":"https:\/\/www.lefloris.com\/wp-content\/uploads\/2022\/03\/logo-le-floris-1-final.png","contentUrl":"https:\/\/www.lefloris.com\/wp-content\/uploads\/2022\/03\/logo-le-floris-1-final.png","width":1632,"height":562,"caption":"Le Floris"},"image":{"@id":"https:\/\/www.lefloris.com\/en\/#\/schema\/logo\/image\/"}}]}},"_links":{"self":[{"href":"https:\/\/www.lefloris.com\/en\/wp-json\/wp\/v2\/pages\/243880","targetHints":{"allow":["GET"]}}],"collection":[{"href":"https:\/\/www.lefloris.com\/en\/wp-json\/wp\/v2\/pages"}],"about":[{"href":"https:\/\/www.lefloris.com\/en\/wp-json\/wp\/v2\/types\/page"}],"author":[{"embeddable":true,"href":"https:\/\/www.lefloris.com\/en\/wp-json\/wp\/v2\/users\/3"}],"replies":[{"embeddable":true,"href":"https:\/\/www.lefloris.com\/en\/wp-json\/wp\/v2\/comments?post=243880"}],"version-history":[{"count":1,"href":"https:\/\/www.lefloris.com\/en\/wp-json\/wp\/v2\/pages\/243880\/revisions"}],"predecessor-version":[{"id":243881,"href":"https:\/\/www.lefloris.com\/en\/wp-json\/wp\/v2\/pages\/243880\/revisions\/243881"}],"wp:attachment":[{"href":"https:\/\/www.lefloris.com\/en\/wp-json\/wp\/v2\/media?parent=243880"}],"curies":[{"name":"wp","href":"https:\/\/api.w.org\/{rel}","templated":true}]}}